{"id":60,"date":"2023-07-09T19:11:01","date_gmt":"2023-07-09T19:11:01","guid":{"rendered":"https:\/\/tempoargentina.com\/?page_id=60"},"modified":"2023-11-16T10:21:26","modified_gmt":"2023-11-16T10:21:26","slug":"our-story","status":"publish","type":"page","link":"https:\/\/tempoargentina.com\/en\/our-story\/","title":{"rendered":"Our Story"},"content":{"rendered":"<div data-elementor-type=\"wp-page\" data-elementor-id=\"60\" class=\"elementor elementor-60\" data-elementor-post-type=\"page\">\n\t\t\t\t\t\t\t\t\t<section class=\"elementor-section elementor-top-section elementor-element elementor-element-d08eac1 elementor-section-full_width elementor-section-height-default elementor-section-height-default\" data-id=\"d08eac1\" data-element_type=\"section\">\n\t\t\t\t\t\t<div class=\"elementor-container elementor-column-gap-no\">\n\t\t\t\t\t<div class=\"elementor-column elementor-col-50 elementor-top-column elementor-element elementor-element-47a5b82\" data-id=\"47a5b82\" data-element_type=\"column\">\n\t\t\t<div class=\"elementor-widget-wrap elementor-element-populated\">\n\t\t\t\t\t\t\t\t<div class=\"elementor-element elementor-element-4462eda elementor-widget elementor-widget-heading\" data-id=\"4462eda\" data-element_type=\"widget\" data-widget_type=\"heading.default\">\n\t\t\t\t<div class=\"elementor-widget-container\">\n\t\t\t<style>\/*! elementor - v3.16.0 - 20-09-2023 *\/\n.elementor-heading-title{padding:0;margin:0;line-height:1}.elementor-widget-heading .elementor-heading-title[class*=elementor-size-]>a{color:inherit;font-size:inherit;line-height:inherit}.elementor-widget-heading .elementor-heading-title.elementor-size-small{font-size:15px}.elementor-widget-heading .elementor-heading-title.elementor-size-medium{font-size:19px}.elementor-widget-heading .elementor-heading-title.elementor-size-large{font-size:29px}.elementor-widget-heading .elementor-heading-title.elementor-size-xl{font-size:39px}.elementor-widget-heading .elementor-heading-title.elementor-size-xxl{font-size:59px}<\/style><h2 class=\"elementor-heading-title elementor-size-default\"><h2 data-elementor-setting-key=\"title\" data-pen-placeholder=\"Teclea aqu\u00ed...\" style=\"font-style: normal;\">Us<\/h2><\/h2>\t\t<\/div>\n\t\t\t\t<\/div>\n\t\t\t\t\t<\/div>\n\t\t<\/div>\n\t\t\t\t<div class=\"elementor-column elementor-col-50 elementor-top-column elementor-element elementor-element-1264622\" data-id=\"1264622\" data-element_type=\"column\">\n\t\t\t<div class=\"elementor-widget-wrap elementor-element-populated\">\n\t\t\t\t\t\t\t\t<section class=\"elementor-section elementor-inner-section elementor-element elementor-element-504f4c0 elementor-section-full_width elementor-section-height-default elementor-section-height-default\" data-id=\"504f4c0\" data-element_type=\"section\">\n\t\t\t\t\t\t<div class=\"elementor-container elementor-column-gap-no\">\n\t\t\t\t\t<div class=\"elementor-column elementor-col-100 elementor-inner-column elementor-element elementor-element-b77733e\" data-id=\"b77733e\" data-element_type=\"column\">\n\t\t\t<div class=\"elementor-widget-wrap elementor-element-populated\">\n\t\t\t\t\t\t\t\t<div class=\"elementor-element elementor-element-29586b9 elementor-widget elementor-widget-text-editor\" data-id=\"29586b9\" data-element_type=\"widget\" data-widget_type=\"text-editor.default\">\n\t\t\t\t<div class=\"elementor-widget-container\">\n\t\t\t<style>\/*! elementor - v3.16.0 - 20-09-2023 *\/\n.elementor-widget-text-editor.elementor-drop-cap-view-stacked .elementor-drop-cap{background-color:#69727d;color:#fff}.elementor-widget-text-editor.elementor-drop-cap-view-framed .elementor-drop-cap{color:#69727d;border:3px solid;background-color:transparent}.elementor-widget-text-editor:not(.elementor-drop-cap-view-default) .elementor-drop-cap{margin-top:8px}.elementor-widget-text-editor:not(.elementor-drop-cap-view-default) .elementor-drop-cap-letter{width:1em;height:1em}.elementor-widget-text-editor .elementor-drop-cap{float:left;text-align:center;line-height:1;font-size:50px}.elementor-widget-text-editor .elementor-drop-cap-letter{display:inline-block}<\/style>\t\t\t\t<p>-ALEJANDRA GALVALISI POINTS OUT 3 ESSENTIAL PRINCIPLES IN HER STYLE, WHICH IS ALSO HER PHILOSOPHY OF LIFE; NOTHING IS PERMANENT, PERFECT OR COMPLETE.&nbsp;<\/p><p>WE SIMPLY FIND BEAUTY IN THE BALANCE BETWEEN THE HARMONY AND TRANQUILITY OF THE PLACE, CREATED BY THE EPHEMERAL NATURE OF TIME AND ITS DECAY.&nbsp;<\/p><p>THE USE OF OBJECTS WORN BY TIME AND NATURAL MATERIALS IS THE KEY TO BEING ABLE TO ACHIEVE THAT BALANCE.&nbsp;<\/p><p>THE INTERIORS AND THE COMPANIES, \u201cLA SUCURSAL DESIGN\u201d, \u201cTEMPO\u201d, WHICH ALEJANDRA GALVALISI CREATED AND TRAINED, ARE ELEGANT, SCARCE AND IMPERFECT, BUT THEY OFFER AN EXCEPTIONALLY MODERN VISION OF HIGH-LEVEL DESIGN. WHICH IS ALWAYS INSPIRED BY THE ORGANIC COLORS AND TEXTURES OF NATURE, CAPTIVELY ECLECTIC, AND IMPREGNATED WITH A SERENE SENSE OF HISTORY AND TIMELESS.<\/p><p>ALEJANDRA GALVALISI TRIES THAT HER PROJECTS, HER DESIGNS AND HER CREATIVITY REACH PEOPLE, CAUSING PASSION AND SENSITIVITY, WWW.ESTUDIO-ALEJANDRAGALVALISI.COM\/ WWW.TEMPOARGENTINA.COMALEJANDRA GALVALISI ALSO FORMED \u201cLA SUCURSAL DESIGN\u201d COMPANY, WHICH TOGETHER WITH HER PARTNER SOFIA MATTIOLI, HAD THE HONOR OF WINNING THE AWARD FOR THE FELT LINE, DISTINCTION OF THE SEAL OF GOOD ARGENTINE DESIGN, FROM THE MINISTRY OF DEVELOPMENT AND PRODUCTIVITY OF THE NATION, WITHIN THE FRAMEWORK OF THE 2021 EDITION.&nbsp;<\/p><p>NOW WITH HER NEW BRAND \u201cTEMPO\u201d SHE WANTS TO INCORPORATE HER DESIGN INTO ACCESSORIES, SUCH AS TEXTILE JEWELRY. WANTING THE ACCESSORY TO BE THE FOCUS OF ATTENTION IN A SIMPLE AND SIMPLE SET.&nbsp;<\/p><p>TEMPO HAD THE HONOR OF WINNING THE DISTINCTION OF THE SEAL OF ARGENTINE GOOD DESIGN, FROM THE MINISTRY OF DEVELOPMENT AND PRODUCTIVITY OF THE NATION, WITHIN THE FRAMEWORK OF THE 12\/2023 EDITION. CHARMING THE JURY.<\/p>\t\t\t\t\t\t<\/div>\n\t\t\t\t<\/div>\n\t\t\t\t\t<\/div>\n\t\t<\/div>\n\t\t\t\t\t\t\t<\/div>\n\t\t<\/section>\n\t\t\t\t\t<\/div>\n\t\t<\/div>\n\t\t\t\t\t\t\t<\/div>\n\t\t<\/section>\n\t\t\t\t\t\t\t<\/div>","protected":false},"excerpt":{"rendered":"<p>Nosotros -ALEJANDRA GALVALISI SE\u00d1ALA 3 PRINCIPIOS ESENCIALES EN SU ESTILO, QUE TAMBI\u00c9N ES SU FILOSOF\u00cdA DE VIDA; NADA ES PERMANENTE, PERFECTO O COMPLETO.&nbsp; LA BELLEZA SIMPLEMENTE LA ENCONTRAMOS EN EL EQUILIBRIO ENTRE LA ARMON\u00cdA Y LA TRANQUILIDAD DEL LUGAR, CREADO POR LA NATURALEZA EF\u00cdMERA DEL TIEMPO Y SU DECADENCIA.&nbsp; EL USO DE OBJETOS DESGASTADOS POR &hellip;<\/p>\n<p class=\"read-more\"> <a class=\"\" href=\"https:\/\/tempoargentina.com\/en\/our-story\/\"> <span class=\"screen-reader-text\">Our Story<\/span> Read More &raquo;<\/a><\/p>","protected":false},"author":1,"featured_media":67,"parent":0,"menu_order":0,"comment_status":"closed","ping_status":"closed","template":"elementor_header_footer","meta":{"site-sidebar-layout":"default","site-content-layout":"","ast-site-content-layout":"","site-content-style":"default","site-sidebar-style":"default","ast-global-header-display":"","ast-banner-title-visibility":"","ast-main-header-display":"","ast-hfb-above-header-display":"","ast-hfb-below-header-display":"","ast-hfb-mobile-header-display":"","site-post-title":"","ast-breadcrumbs-content":"","ast-featured-img":"","footer-sml-layout":"","theme-transparent-header-meta":"","adv-header-id-meta":"","stick-header-meta":"","header-above-stick-meta":"","header-main-stick-meta":"","header-below-stick-meta":"","astra-migrate-meta-layouts":"","footnotes":"","_joinchat":[]},"aioseo_notices":[],"_links":{"self":[{"href":"https:\/\/tempoargentina.com\/en\/wp-json\/wp\/v2\/pages\/60"}],"collection":[{"href":"https:\/\/tempoargentina.com\/en\/wp-json\/wp\/v2\/pages"}],"about":[{"href":"https:\/\/tempoargentina.com\/en\/wp-json\/wp\/v2\/types\/page"}],"author":[{"embeddable":true,"href":"https:\/\/tempoargentina.com\/en\/wp-json\/wp\/v2\/users\/1"}],"replies":[{"embeddable":true,"href":"https:\/\/tempoargentina.com\/en\/wp-json\/wp\/v2\/comments?post=60"}],"version-history":[{"count":7,"href":"https:\/\/tempoargentina.com\/en\/wp-json\/wp\/v2\/pages\/60\/revisions"}],"predecessor-version":[{"id":2612,"href":"https:\/\/tempoargentina.com\/en\/wp-json\/wp\/v2\/pages\/60\/revisions\/2612"}],"wp:featuredmedia":[{"embeddable":true,"href":"https:\/\/tempoargentina.com\/en\/wp-json\/wp\/v2\/media\/67"}],"wp:attachment":[{"href":"https:\/\/tempoargentina.com\/en\/wp-json\/wp\/v2\/media?parent=60"}],"curies":[{"name":"wp","href":"https:\/\/api.w.org\/{rel}","templated":true}]}}